{"id":57,"date":"2023-03-06T23:26:28","date_gmt":"2023-03-06T22:26:28","guid":{"rendered":"https:\/\/familletenetemadje.org\/?page_id=57"},"modified":"2023-05-16T01:03:21","modified_gmt":"2023-05-15T23:03:21","slug":"entreprenariat","status":"publish","type":"page","link":"https:\/\/familletenetemadje.org\/?page_id=57","title":{"rendered":"Entreprenariat"},"content":{"rendered":"\t\t<div data-elementor-type=\"wp-page\" data-elementor-id=\"57\" class=\"elementor elementor-57\">\n\t\t\t\t<div class=\"elementor-element elementor-element-86f4fa9 e-flex e-con-boxed e-con e-parent\" data-id=\"86f4fa9\" data-element_type=\"container\">\n\t\t\t\t\t<div class=\"e-con-inner\">\n\t\t\t\t<div class=\"elementor-element elementor-element-130bfcb elementor-widget elementor-widget-heading\" data-id=\"130bfcb\" data-element_type=\"widget\" data-widget_type=\"heading.default\">\n\t\t\t\t<div class=\"elementor-widget-container\">\n\t\t\t<style>\/*! elementor - v3.21.0 - 08-05-2024 *\/\n.elementor-heading-title{padding:0;margin:0;line-height:1}.elementor-widget-heading .elementor-heading-title[class*=elementor-size-]>a{color:inherit;font-size:inherit;line-height:inherit}.elementor-widget-heading .elementor-heading-title.elementor-size-small{font-size:15px}.elementor-widget-heading .elementor-heading-title.elementor-size-medium{font-size:19px}.elementor-widget-heading .elementor-heading-title.elementor-size-large{font-size:29px}.elementor-widget-heading .elementor-heading-title.elementor-size-xl{font-size:39px}.elementor-widget-heading .elementor-heading-title.elementor-size-xxl{font-size:59px}<\/style><h2 class=\"elementor-heading-title elementor-size-default\">Entrepreunariat<\/h2>\t\t<\/div>\n\t\t\t\t<\/div>\n\t\t\t\t<div class=\"elementor-element elementor-element-577178b elementor-widget elementor-widget-text-editor\" data-id=\"577178b\" data-element_type=\"widget\" data-widget_type=\"text-editor.default\">\n\t\t\t\t<div class=\"elementor-widget-container\">\n\t\t\t<style>\/*! elementor - v3.21.0 - 08-05-2024 *\/\n.elementor-widget-text-editor.elementor-drop-cap-view-stacked .elementor-drop-cap{background-color:#69727d;color:#fff}.elementor-widget-text-editor.elementor-drop-cap-view-framed .elementor-drop-cap{color:#69727d;border:3px solid;background-color:transparent}.elementor-widget-text-editor:not(.elementor-drop-cap-view-default) .elementor-drop-cap{margin-top:8px}.elementor-widget-text-editor:not(.elementor-drop-cap-view-default) .elementor-drop-cap-letter{width:1em;height:1em}.elementor-widget-text-editor .elementor-drop-cap{float:left;text-align:center;line-height:1;font-size:50px}.elementor-widget-text-editor .elementor-drop-cap-letter{display:inline-block}<\/style>\t\t\t\t<p style=\"margin-top: 0.5em; margin-bottom: 0.5em; color: #202122; font-family: sans-serif; font-size: 14px;\"><img decoding=\"async\" class=\"size-medium wp-image-365 alignleft\" src=\"http:\/\/familletenetemadje.org\/wp-content\/uploads\/2023\/05\/Entreprenariat-300x148.jpg\" alt=\"\" width=\"300\" height=\"148\" srcset=\"https:\/\/familletenetemadje.org\/wp-content\/uploads\/2023\/05\/Entreprenariat-300x148.jpg 300w, https:\/\/familletenetemadje.org\/wp-content\/uploads\/2023\/05\/Entreprenariat-768x379.jpg 768w, https:\/\/familletenetemadje.org\/wp-content\/uploads\/2023\/05\/Entreprenariat.jpg 900w\" sizes=\"(max-width: 300px) 100vw, 300px\" \/>L\u2019<b>entrepreneuriat<\/b><span id=\"cite_ref-2\" class=\"reference\" style=\"line-height: 1; vertical-align: text-top; position: relative; font-size: 0.8em; top: -5px; padding-left: 1px; unicode-bidi: isolate; white-space: nowrap;\"><\/span>\u00a0recouvre les activit\u00e9s qui concourent \u00e0 la formation et la croissance d&#8217;une\u00a0entreprise, dont la cons\u00e9quence premi\u00e8re est la cr\u00e9ation de valeur (richesse, emploi).<\/p><p style=\"margin-top: 0.5em; margin-bottom: 0.5em; color: #202122; font-family: sans-serif; font-size: 14px;\">Les formes d\u2019entrepreneuriat varient selon le type d\u2019organisation qui est mis en place. Elles recouvrent des r\u00e9alit\u00e9s tr\u00e8s diff\u00e9rentes\u00a0: dirigeants de\u00a0PME\u00a0ou de\u00a0TPE, administrateur de grandes entreprises, fondateurs de\u00a0start-ups,\u00a0artisan,\u00a0agriculteur, profession lib\u00e9rale<span id=\"cite_ref-3\" class=\"reference\" style=\"line-height: 1; vertical-align: text-top; position: relative; font-size: 0.8em; top: -5px; padding-left: 1px; unicode-bidi: isolate; white-space: nowrap;\"><\/span>&#8230; Cela peut aussi concerner des formes d&#8217;organisation sans but lucratif, par exemple dans l&#8217;entrepreneuriat social.<\/p>\t\t\t\t\t\t<\/div>\n\t\t\t\t<\/div>\n\t\t\t\t\t<\/div>\n\t\t\t\t<\/div>\n\t\t\t\t<\/div>\n\t\t<div style=\"display:flex; gap:10px;justify-content:center\" class=\"wps-pgfw-pdf-generate-icon__wrapper-frontend\">\n\t\t<a  href=\"https:\/\/familletenetemadje.org?action=genpdf&amp;id=57\" class=\"pgfw-single-pdf-download-button\" ><img src=\"https:\/\/familletenetemadje.org\/wp-content\/plugins\/pdf-generator-for-wp\/admin\/src\/images\/PDF_Tray.svg\" title=\"G\u00e9n\u00e9rer un PDF\" style=\"width:auto; height:45px;\"><\/a>\n\t\t<\/div>","protected":false},"excerpt":{"rendered":"<p>Entrepreunariat L\u2019entrepreneuriat\u00a0recouvre les activit\u00e9s qui concourent \u00e0 la formation et la croissance d&#8217;une\u00a0entreprise, dont la cons\u00e9quence premi\u00e8re est la cr\u00e9ation de valeur (richesse, emploi). Les formes d\u2019entrepreneuriat varient selon le type d\u2019organisation qui est mis en place. Elles recouvrent des r\u00e9alit\u00e9s tr\u00e8s diff\u00e9rentes\u00a0: dirigeants de\u00a0PME\u00a0ou de\u00a0TPE, administrateur de grandes entreprises, fondateurs de\u00a0start-ups,\u00a0artisan,\u00a0agriculteur, profession lib\u00e9rale&#8230; Cela [&hellip;]<\/p>\n","protected":false},"author":1,"featured_media":0,"parent":0,"menu_order":0,"comment_status":"closed","ping_status":"closed","template":"","meta":{"give_campaign_id":0,"_bbp_topic_count":0,"_bbp_reply_count":0,"_bbp_total_topic_count":0,"_bbp_total_reply_count":0,"_bbp_voice_count":0,"_bbp_anonymous_reply_count":0,"_bbp_topic_count_hidden":0,"_bbp_reply_count_hidden":0,"_bbp_forum_subforum_count":0,"footnotes":""},"class_list":["post-57","page","type-page","status-publish","hentry"],"campaignId":"","_links":{"self":[{"href":"https:\/\/familletenetemadje.org\/index.php?rest_route=\/wp\/v2\/pages\/57","targetHints":{"allow":["GET"]}}],"collection":[{"href":"https:\/\/familletenetemadje.org\/index.php?rest_route=\/wp\/v2\/pages"}],"about":[{"href":"https:\/\/familletenetemadje.org\/index.php?rest_route=\/wp\/v2\/types\/page"}],"author":[{"embeddable":true,"href":"https:\/\/familletenetemadje.org\/index.php?rest_route=\/wp\/v2\/users\/1"}],"replies":[{"embeddable":true,"href":"https:\/\/familletenetemadje.org\/index.php?rest_route=%2Fwp%2Fv2%2Fcomments&post=57"}],"version-history":[{"count":7,"href":"https:\/\/familletenetemadje.org\/index.php?rest_route=\/wp\/v2\/pages\/57\/revisions"}],"predecessor-version":[{"id":371,"href":"https:\/\/familletenetemadje.org\/index.php?rest_route=\/wp\/v2\/pages\/57\/revisions\/371"}],"wp:attachment":[{"href":"https:\/\/familletenetemadje.org\/index.php?rest_route=%2Fwp%2Fv2%2Fmedia&parent=57"}],"curies":[{"name":"wp","href":"https:\/\/api.w.org\/{rel}","templated":true}]}}