{"id":456,"date":"2023-10-03T21:49:42","date_gmt":"2023-10-03T19:49:42","guid":{"rendered":"https:\/\/familletenetemadje.org\/?page_id=456"},"modified":"2023-10-03T21:59:18","modified_gmt":"2023-10-03T19:59:18","slug":"elementor-456","status":"publish","type":"page","link":"https:\/\/familletenetemadje.org\/?page_id=456","title":{"rendered":"Liste des cours"},"content":{"rendered":"\t\t<div data-elementor-type=\"wp-page\" data-elementor-id=\"456\" class=\"elementor elementor-456\">\n\t\t\t\t<div class=\"elementor-element elementor-element-8d9c75f e-flex e-con-boxed e-con e-parent\" data-id=\"8d9c75f\" data-element_type=\"container\">\n\t\t\t\t\t<div class=\"e-con-inner\">\n\t\t\t\t<div class=\"elementor-element elementor-element-452b090 elementor-widget elementor-widget-ms_lms_courses\" data-id=\"452b090\" data-element_type=\"widget\" data-settings=\"{&quot;pagination_presets&quot;:&quot;pagination-style-2&quot;,&quot;type&quot;:&quot;courses-archive&quot;,&quot;opened_filters&quot;:3,&quot;slides_to_scroll&quot;:&quot;25%&quot;,&quot;slides_to_scroll_tablet&quot;:&quot;33.333333%&quot;,&quot;slides_to_scroll_mobile&quot;:&quot;100%&quot;,&quot;loop&quot;:&quot;true&quot;,&quot;course_card_presets&quot;:&quot;card-style-1&quot;,&quot;cards_to_show_choice&quot;:&quot;number&quot;,&quot;cards_to_show&quot;:8,&quot;show_featured_block&quot;:&quot;yes&quot;,&quot;cards_to_show_choice_featured&quot;:&quot;number&quot;,&quot;cards_to_show_featured&quot;:4,&quot;sort_by&quot;:&quot;date_high&quot;,&quot;show_category&quot;:&quot;yes&quot;,&quot;show_progress&quot;:&quot;yes&quot;,&quot;show_divider&quot;:&quot;yes&quot;,&quot;show_rating&quot;:&quot;yes&quot;,&quot;show_price&quot;:&quot;yes&quot;,&quot;show_slots&quot;:&quot;yes&quot;,&quot;card_slot_1&quot;:&quot;current-students&quot;,&quot;card_slot_2&quot;:&quot;views&quot;,&quot;featured_position&quot;:&quot;left&quot;,&quot;status_presets&quot;:&quot;status_style_1&quot;,&quot;status_position&quot;:&quot;right&quot;,&quot;show_popup&quot;:&quot;yes&quot;,&quot;popup_show_author_name&quot;:&quot;yes&quot;,&quot;popup_show_author_image&quot;:&quot;yes&quot;,&quot;popup_show_excerpt&quot;:&quot;yes&quot;,&quot;popup_show_slots&quot;:&quot;yes&quot;,&quot;popup_slot_1&quot;:&quot;level&quot;,&quot;popup_slot_2&quot;:&quot;lectures&quot;,&quot;popup_slot_3&quot;:&quot;duration&quot;,&quot;popup_show_wishlist&quot;:&quot;yes&quot;,&quot;popup_show_price&quot;:&quot;yes&quot;,&quot;show_instructor_label&quot;:&quot;yes&quot;,&quot;show_instructor_position&quot;:&quot;yes&quot;,&quot;show_instructor_bio&quot;:&quot;yes&quot;,&quot;course_image_size&quot;:{&quot;width&quot;:&quot;&quot;,&quot;height&quot;:&quot;&quot;}}\" data-widget_type=\"ms_lms_courses.default\">\n\t\t\t\t<div class=\"elementor-widget-container\">\n\t\t\t<div class=\"ms_lms_courses_archive\">\n\t\t\t<div class=\"ms_lms_courses_archive__title style_1\">\n\t\t\t<h2>\n\t\t\t\tListe des cours\t\t\t<\/h2>\n\t\t\t<div class=\"ms_lms_courses_archive__sorting_wrapper\">\n\t<ul class=\"ms_lms_courses_archive__sorting style_2\">\n\t\t\t\t\t<li>\n\t\t\t\t<span data-id=\"date_high\" class=\"ms_lms_courses_archive__sorting_button active\">\n\t\t\t\t\tNewest\t\t\t\t<\/span>\n\t\t\t<\/li>\n\t\t\t\t\t<li>\n\t\t\t\t<span data-id=\"rating\" class=\"ms_lms_courses_archive__sorting_button \">\n\t\t\t\t\tNote globale\t\t\t\t<\/span>\n\t\t\t<\/li>\n\t\t\t\t\t<li>\n\t\t\t\t<span data-id=\"popular\" class=\"ms_lms_courses_archive__sorting_button \">\n\t\t\t\t\tMost Viewed\t\t\t\t<\/span>\n\t\t\t<\/li>\n\t\t\t<\/ul>\n<\/div>\n\t\t<\/div>\n\t\t<div class=\"ms_lms_courses_archive__content filter_left title_style_1\">\n\t\t<div class=\"ms_lms_courses_archive__filter\">\n\t<a href=\"#\" class=\"ms_lms_courses_archive__filter_toggle\">\n\t\tFiltres\t<\/a>\n\t<form class=\"ms_lms_courses_archive__filter_form\" method=\"post\">\n\t\t<div class=\"ms_lms_courses_archive__filter_options\">\n\t\t\t<div class=\"ms_lms_courses_archive__filter_options_item\">\n\t<div class=\"ms_lms_courses_archive__filter_options_item_title\">\n\t\t<h3>Cat\u00e9gorie :<\/h3>\n\t\t<div class=\"ms_lms_courses_archive__filter_options_item_title_toggler\"><\/div>\n\t<\/div>\n\t<div class=\"ms_lms_courses_archive__filter_options_item_content\">\n\t\t\t\t\t<div class=\"ms_lms_courses_archive__filter_options_item_category\">\n\t\t\t\t<label class=\"ms_lms_courses_archive__filter_options_item_checkbox\">\n\t\t\t\t\t<span class=\"ms_lms_courses_archive__filter_options_item_checkbox_inner\">\n\t\t\t\t\t\t<input type=\"checkbox\" value=\"9\"  name=\"category[]\"\/>\n\t\t\t\t\t\t<span><i class=\"fa fa-check\"><\/i><\/span>\n\t\t\t\t\t<\/span>\n\t\t\t\t\t<span class=\"ms_lms_courses_archive__filter_options_item_checkbox_label\">D\u00e9veloppement personnel<\/span>\n\t\t\t\t<\/label>\n\t\t\t<\/div>\n\t\t\t<\/div>\n<\/div>\n<div class=\"ms_lms_courses_archive__filter_options_item\">\n\t<div class=\"ms_lms_courses_archive__filter_options_item_title\">\n\t\t<h3>Niveau<\/h3>\n\t\t<div class=\"ms_lms_courses_archive__filter_options_item_title_toggler\"><\/div>\n\t<\/div>\n\t<div class=\"ms_lms_courses_archive__filter_options_item_content\">\n\t\t\t\t\t<div class=\"ms_lms_courses_archive__filter_options_item_category\">\n\t\t\t\t<label class=\"ms_lms_courses_archive__filter_options_item_checkbox\">\n\t\t\t\t\t<span class=\"ms_lms_courses_archive__filter_options_item_checkbox_inner\">\n\t\t\t\t\t\t<input type=\"checkbox\" value=\"beginner\"  name=\"level[]\"\/>\n\t\t\t\t\t\t<span><i class=\"fa fa-check\"><\/i><\/span>\n\t\t\t\t\t<\/span>\n\t\t\t\t\t<span class=\"ms_lms_courses_archive__filter_options_item_checkbox_label\">D\u00e9butant<\/span>\n\t\t\t\t<\/label>\n\t\t\t<\/div>\n\t\t\t\t\t<div class=\"ms_lms_courses_archive__filter_options_item_category\">\n\t\t\t\t<label class=\"ms_lms_courses_archive__filter_options_item_checkbox\">\n\t\t\t\t\t<span class=\"ms_lms_courses_archive__filter_options_item_checkbox_inner\">\n\t\t\t\t\t\t<input type=\"checkbox\" value=\"intermediate\"  name=\"level[]\"\/>\n\t\t\t\t\t\t<span><i class=\"fa fa-check\"><\/i><\/span>\n\t\t\t\t\t<\/span>\n\t\t\t\t\t<span class=\"ms_lms_courses_archive__filter_options_item_checkbox_label\">Interm\u00e9diaire<\/span>\n\t\t\t\t<\/label>\n\t\t\t<\/div>\n\t\t\t\t\t<div class=\"ms_lms_courses_archive__filter_options_item_category\">\n\t\t\t\t<label class=\"ms_lms_courses_archive__filter_options_item_checkbox\">\n\t\t\t\t\t<span class=\"ms_lms_courses_archive__filter_options_item_checkbox_inner\">\n\t\t\t\t\t\t<input type=\"checkbox\" value=\"advanced\"  name=\"level[]\"\/>\n\t\t\t\t\t\t<span><i class=\"fa fa-check\"><\/i><\/span>\n\t\t\t\t\t<\/span>\n\t\t\t\t\t<span class=\"ms_lms_courses_archive__filter_options_item_checkbox_label\">Avanc\u00e9<\/span>\n\t\t\t\t<\/label>\n\t\t\t<\/div>\n\t\t\t<\/div>\n<\/div>\n<div class=\"ms_lms_courses_archive__filter_options_item\">\n\t<div class=\"ms_lms_courses_archive__filter_options_item_title\">\n\t\t<h3>Classement<\/h3>\n\t\t<div class=\"ms_lms_courses_archive__filter_options_item_title_toggler\"><\/div>\n\t<\/div>\n\t<div class=\"ms_lms_courses_archive__filter_options_item_content\">\n\t\t\t\t\t<label class=\"ms_lms_courses_archive__filter_options_item_category\">\n\t\t\t\t<span class=\"ms_lms_courses_archive__filter_options_item_radio\">\n\t\t\t\t\t<input type=\"radio\" name=\"rating\" value=\"4.5\" >\n\t\t\t\t\t<span class=\"ms_lms_courses_archive__filter_options_item_radio_fake\"><\/span>\n\t\t\t\t<\/span>\n\t\t\t\t<div class=\"ms_lms_courses_archive__filter_options_item_rating\">\n\t\t\t\t\t<div class=\"ms_lms_courses_archive__filter_options_item_rating_stars\">\n\t\t\t\t\t\t<div class=\"ms_lms_courses_archive__filter_options_item_rating_stars_filled\" style=\"width: 90%;\"><\/div>\n\t\t\t\t\t<\/div>\n\t\t\t\t\t<div class=\"ms_lms_courses_archive__filter_options_item_rating_quantity\">\n\t\t\t\t\t\t<span>4,5 et plus<\/span>\n\t\t\t\t\t<\/div>\n\t\t\t\t<\/div>\n\t\t\t<\/label>\n\t\t\t\t\t<label class=\"ms_lms_courses_archive__filter_options_item_category\">\n\t\t\t\t<span class=\"ms_lms_courses_archive__filter_options_item_radio\">\n\t\t\t\t\t<input type=\"radio\" name=\"rating\" value=\"4\" >\n\t\t\t\t\t<span class=\"ms_lms_courses_archive__filter_options_item_radio_fake\"><\/span>\n\t\t\t\t<\/span>\n\t\t\t\t<div class=\"ms_lms_courses_archive__filter_options_item_rating\">\n\t\t\t\t\t<div class=\"ms_lms_courses_archive__filter_options_item_rating_stars\">\n\t\t\t\t\t\t<div class=\"ms_lms_courses_archive__filter_options_item_rating_stars_filled\" style=\"width: 80%;\"><\/div>\n\t\t\t\t\t<\/div>\n\t\t\t\t\t<div class=\"ms_lms_courses_archive__filter_options_item_rating_quantity\">\n\t\t\t\t\t\t<span>4,0 et plus<\/span>\n\t\t\t\t\t<\/div>\n\t\t\t\t<\/div>\n\t\t\t<\/label>\n\t\t\t\t\t<label class=\"ms_lms_courses_archive__filter_options_item_category\">\n\t\t\t\t<span class=\"ms_lms_courses_archive__filter_options_item_radio\">\n\t\t\t\t\t<input type=\"radio\" name=\"rating\" value=\"3.5\" >\n\t\t\t\t\t<span class=\"ms_lms_courses_archive__filter_options_item_radio_fake\"><\/span>\n\t\t\t\t<\/span>\n\t\t\t\t<div class=\"ms_lms_courses_archive__filter_options_item_rating\">\n\t\t\t\t\t<div class=\"ms_lms_courses_archive__filter_options_item_rating_stars\">\n\t\t\t\t\t\t<div class=\"ms_lms_courses_archive__filter_options_item_rating_stars_filled\" style=\"width: 70%;\"><\/div>\n\t\t\t\t\t<\/div>\n\t\t\t\t\t<div class=\"ms_lms_courses_archive__filter_options_item_rating_quantity\">\n\t\t\t\t\t\t<span>3,5 et plus<\/span>\n\t\t\t\t\t<\/div>\n\t\t\t\t<\/div>\n\t\t\t<\/label>\n\t\t\t\t\t<label class=\"ms_lms_courses_archive__filter_options_item_category\">\n\t\t\t\t<span class=\"ms_lms_courses_archive__filter_options_item_radio\">\n\t\t\t\t\t<input type=\"radio\" name=\"rating\" value=\"3\" >\n\t\t\t\t\t<span class=\"ms_lms_courses_archive__filter_options_item_radio_fake\"><\/span>\n\t\t\t\t<\/span>\n\t\t\t\t<div class=\"ms_lms_courses_archive__filter_options_item_rating\">\n\t\t\t\t\t<div class=\"ms_lms_courses_archive__filter_options_item_rating_stars\">\n\t\t\t\t\t\t<div class=\"ms_lms_courses_archive__filter_options_item_rating_stars_filled\" style=\"width: 60%;\"><\/div>\n\t\t\t\t\t<\/div>\n\t\t\t\t\t<div class=\"ms_lms_courses_archive__filter_options_item_rating_quantity\">\n\t\t\t\t\t\t<span>3,0 et plus<\/span>\n\t\t\t\t\t<\/div>\n\t\t\t\t<\/div>\n\t\t\t<\/label>\n\t\t\t<\/div>\n<\/div>\n\t\t<\/div>\n\t\t<div class=\"ms_lms_courses_archive__filter_actions\">\n\t\t\t<input type=\"submit\" value=\"Afficher les r\u00e9sultats\" class=\"ms_lms_courses_archive__filter_actions_button\">\n\t\t\t<a href=\"#\" class=\"ms_lms_courses_archive__filter_actions_reset\">\n\t\t\t\t<i class=\"stmlms-undo2\"><\/i>\n\t\t\t\t<span>Reset All<\/span>\n\t\t\t<\/a>\n\t\t<\/div>\n\t<\/form>\n<\/div>\n\t\t<div class=\"ms_lms_courses_card_wrapper\">\n\t\t\t\t\t\t<div class=\"ms_lms_courses_card card-style-1\">\n\t\t\t\t\t<div class=\"ms_lms_courses_card_item  \">\n\t\t<div class=\"ms_lms_courses_card_item_wrapper\">\n\t\t\t\t\t\t<a href=\"https:\/\/familletenetemadje.org\/?stm-courses=attendez-vous-a-un-miracle\" class=\"ms_lms_courses_card_item_image_link\">\n\t\t\t\t<img decoding=\"async\" src=\"https:\/\/familletenetemadje.org\/wp-content\/uploads\/2023\/03\/56_standalone-image-400032-300x225.jpg\" class=\"ms_lms_courses_card_item_image\">\n\t\t\t<\/a>\n\t\t\t<div class=\"ms_lms_courses_card_item_info\">\n\t\t\t\t\t\t\t\t\t<span class=\"ms_lms_courses_card_item_info_category\">\n\t\t\t\t\t\t<a href=\"https:\/\/familletenetemadje.org\/?terms%5B%5D=9&#038;category%5B%5D=9\">\n\t\t\t\t\t\t\tD\u00e9veloppement personnel\t\t\t\t\t\t<\/a>\n\t\t\t\t\t<\/span>\n\t\t\t\t\t\t\t\t\t<a href=\"https:\/\/familletenetemadje.org\/?stm-courses=attendez-vous-a-un-miracle\" class=\"ms_lms_courses_card_item_info_title\">\n\t\t\t\t\t\t<h3>Attendez vous \u00e0 un miracle<\/h3>\n\t\t\t\t\t<\/a>\n\t\t\t\t\t\t\t\t\t<div class=\"ms_lms_courses_card_item_info_meta\">\n\t\t\t\t\t\t<div class=\"ms_lms_courses_card_item_meta_block\">\n\t<i class=\"stmlms-members\"><\/i>\n<span>0<\/span>\n<\/div>\n<div class=\"ms_lms_courses_card_item_meta_block\">\n\t<i class=\"stmlms-views\"><\/i>\n<span>422<\/span>\n<\/div>\n\t\t\t\t\t<\/div>\n\t\t\t\t\t\t\t\t\t\t<span class=\"ms_lms_courses_card_item_info_divider\"><\/span>\n\t\t\t\t\t\t\t\t\t\t<div class=\"ms_lms_courses_card_item_info_bottom_wrapper\">\n\t\t\t\t\t\t<div class=\"ms_lms_courses_card_item_info_rating\">\n\t<div class=\"ms_lms_courses_card_item_info_rating_stars\">\n\t\t<div class=\"ms_lms_courses_card_item_info_rating_stars_filled\" style=\"width: 0%;\"><\/div>\n\t<\/div>\n\t<div class=\"ms_lms_courses_card_item_info_rating_quantity\">\n\t\t<span>0.0<\/span>\n\t<\/div>\n<\/div>\n<div class=\"ms_lms_courses_card_item_info_price\">\n\t\t\t<div class=\"ms_lms_courses_card_item_info_price_single \">\n\t\t\t<span>Gratuit<\/span>\n\t\t<\/div>\n\t\t\t<\/div>\n\t\t\t\t\t<\/div>\n\t\t\t\t\t\t\t<\/div>\n\t\t<\/div>\n\t\t<div class=\"ms_lms_courses_card_item_popup\">\n\t\t\t<div class=\"ms_lms_courses_card_item_popup_author\">\n\t\t\t\t\t\t\t<img decoding=\"async\" src=\"\">\n\t\t\t\t\t\t\t\t<span class=\"ms_lms_courses_card_item_popup_author_name\">Famille Famille<\/span>\n\t\t\t\t\t<\/div>\n\t\t<a href=\"https:\/\/familletenetemadje.org\/?stm-courses=attendez-vous-a-un-miracle\" class=\"ms_lms_courses_card_item_popup_title\">\n\t\t<h3>Attendez vous \u00e0 un miracle<\/h3>\n\t<\/a>\n\t\t\t<div class=\"ms_lms_courses_card_item_popup_meta\">\n\t\t\t<div class=\"ms_lms_courses_card_item_meta_block\">\n\t<i class=\"stmlms-levels\"><\/i>\n<span>No Level<\/span>\n<\/div>\n<div class=\"ms_lms_courses_card_item_meta_block\">\n\t<i class=\"stmlms-cats\"><\/i>\n<span>\n\t0 Conf\u00e9rences<\/span>\n<\/div>\n<div class=\"ms_lms_courses_card_item_meta_block\">\n\t<i class=\"stmlms-lms-clocks\"><\/i>\n<span>0 Heures d&#039;ouverture<\/span>\n<\/div>\n\t\t<\/div>\n\t\t<div class=\"ms_lms_courses_card_item_popup_button_wrapper\">\n\t\t<a href=\"https:\/\/familletenetemadje.org\/?stm-courses=attendez-vous-a-un-miracle\" class=\"ms_lms_courses_card_item_popup_button\">\n\t\t\t<span>Pr\u00e9visualisez ce cours<\/span>\n\t\t\t\t\t<\/a>\n\n\t\t\t\t\t<div class=\"ms_lms_courses_card_item_popup_bottom_wrapper\">\n\t\t\t\t\t\t\t\t\t\t\t<div class=\"ms_lms_courses_card_item_popup_wishlist\">\n\t\t\t\t\t\t\t\t<div class=\"stm-lms-wishlist\">\n\t\t<a href=\"https:\/\/familletenetemadje.org\/?page_id=529\">\n\t\t\t<i class=\"far fa-heart\"><\/i>\n\t\t\t<span>Ajouter \u00e0 la liste de souhaits<\/span>\n\t\t<\/a>\n\t<\/div>\n\t\t\t\t\t\t\t\t<\/div>\n\t\t\t\t\t\t\t\t<div class=\"ms_lms_courses_card_item_popup_price\">\n\t\t<div class=\"ms_lms_courses_card_item_popup_price_single \">\n\t\t\t<span>Gratuit<\/span>\n\t\t<\/div>\n\t\t\t<\/div>\n\t\t\t<\/div>\n\t\t\t<\/div>\n<\/div>\n\t<\/div>\n\t\t<div class=\"ms_lms_courses_card_item  \">\n\t\t<div class=\"ms_lms_courses_card_item_wrapper\">\n\t\t\t\t\t\t<a href=\"https:\/\/familletenetemadje.org\/?stm-courses=se-connaitre-soi-meme\" class=\"ms_lms_courses_card_item_image_link\">\n\t\t\t\t<img decoding=\"async\" src=\"https:\/\/familletenetemadje.org\/wp-content\/uploads\/2023\/03\/Se-connaitre-soi-meme-300x225.jpg\" class=\"ms_lms_courses_card_item_image\">\n\t\t\t<\/a>\n\t\t\t<div class=\"ms_lms_courses_card_item_info\">\n\t\t\t\t\t\t\t\t\t<span class=\"ms_lms_courses_card_item_info_category\">\n\t\t\t\t\t\t<a href=\"https:\/\/familletenetemadje.org\/?terms%5B%5D=9&#038;category%5B%5D=9\">\n\t\t\t\t\t\t\tD\u00e9veloppement personnel\t\t\t\t\t\t<\/a>\n\t\t\t\t\t<\/span>\n\t\t\t\t\t\t\t\t\t<a href=\"https:\/\/familletenetemadje.org\/?stm-courses=se-connaitre-soi-meme\" class=\"ms_lms_courses_card_item_info_title\">\n\t\t\t\t\t\t<h3>Se connaitre soi m\u00eame<\/h3>\n\t\t\t\t\t<\/a>\n\t\t\t\t\t\t\t\t\t<div class=\"ms_lms_courses_card_item_info_meta\">\n\t\t\t\t\t\t<div class=\"ms_lms_courses_card_item_meta_block\">\n\t<i class=\"stmlms-members\"><\/i>\n<span>0<\/span>\n<\/div>\n<div class=\"ms_lms_courses_card_item_meta_block\">\n\t<i class=\"stmlms-views\"><\/i>\n<span>444<\/span>\n<\/div>\n\t\t\t\t\t<\/div>\n\t\t\t\t\t\t\t\t\t\t<span class=\"ms_lms_courses_card_item_info_divider\"><\/span>\n\t\t\t\t\t\t\t\t\t\t<div class=\"ms_lms_courses_card_item_info_bottom_wrapper\">\n\t\t\t\t\t\t<div class=\"ms_lms_courses_card_item_info_rating\">\n\t<div class=\"ms_lms_courses_card_item_info_rating_stars\">\n\t\t<div class=\"ms_lms_courses_card_item_info_rating_stars_filled\" style=\"width: 0%;\"><\/div>\n\t<\/div>\n\t<div class=\"ms_lms_courses_card_item_info_rating_quantity\">\n\t\t<span>0.0<\/span>\n\t<\/div>\n<\/div>\n<div class=\"ms_lms_courses_card_item_info_price\">\n\t\t\t<div class=\"ms_lms_courses_card_item_info_price_single \">\n\t\t\t<span>Gratuit<\/span>\n\t\t<\/div>\n\t\t\t<\/div>\n\t\t\t\t\t<\/div>\n\t\t\t\t\t\t\t<\/div>\n\t\t<\/div>\n\t\t<div class=\"ms_lms_courses_card_item_popup\">\n\t\t\t<div class=\"ms_lms_courses_card_item_popup_author\">\n\t\t\t\t\t\t\t<img decoding=\"async\" src=\"\">\n\t\t\t\t\t\t\t\t<span class=\"ms_lms_courses_card_item_popup_author_name\">Famille Famille<\/span>\n\t\t\t\t\t<\/div>\n\t\t<a href=\"https:\/\/familletenetemadje.org\/?stm-courses=se-connaitre-soi-meme\" class=\"ms_lms_courses_card_item_popup_title\">\n\t\t<h3>Se connaitre soi m\u00eame<\/h3>\n\t<\/a>\n\t\t\t<div class=\"ms_lms_courses_card_item_popup_meta\">\n\t\t\t<div class=\"ms_lms_courses_card_item_meta_block\">\n\t<i class=\"stmlms-levels\"><\/i>\n<span>No Level<\/span>\n<\/div>\n<div class=\"ms_lms_courses_card_item_meta_block\">\n\t<i class=\"stmlms-cats\"><\/i>\n<span>\n\t0 Conf\u00e9rences<\/span>\n<\/div>\n<div class=\"ms_lms_courses_card_item_meta_block\">\n\t<i class=\"stmlms-lms-clocks\"><\/i>\n<span>0 Heures d&#039;ouverture<\/span>\n<\/div>\n\t\t<\/div>\n\t\t<div class=\"ms_lms_courses_card_item_popup_button_wrapper\">\n\t\t<a href=\"https:\/\/familletenetemadje.org\/?stm-courses=se-connaitre-soi-meme\" class=\"ms_lms_courses_card_item_popup_button\">\n\t\t\t<span>Pr\u00e9visualisez ce cours<\/span>\n\t\t\t\t\t<\/a>\n\n\t\t\t\t\t<div class=\"ms_lms_courses_card_item_popup_bottom_wrapper\">\n\t\t\t\t\t\t\t\t\t\t\t<div class=\"ms_lms_courses_card_item_popup_wishlist\">\n\t\t\t\t\t\t\t\t<div class=\"stm-lms-wishlist\">\n\t\t<a href=\"https:\/\/familletenetemadje.org\/?page_id=529\">\n\t\t\t<i class=\"far fa-heart\"><\/i>\n\t\t\t<span>Ajouter \u00e0 la liste de souhaits<\/span>\n\t\t<\/a>\n\t<\/div>\n\t\t\t\t\t\t\t\t<\/div>\n\t\t\t\t\t\t\t\t<div class=\"ms_lms_courses_card_item_popup_price\">\n\t\t<div class=\"ms_lms_courses_card_item_popup_price_single \">\n\t\t\t<span>Gratuit<\/span>\n\t\t<\/div>\n\t\t\t<\/div>\n\t\t\t<\/div>\n\t\t\t<\/div>\n<\/div>\n\t<\/div>\n\t\t\t\t<\/div>\n\t\t\t<div class=\"ms_lms_courses_archive__pagination_wrapper\">\n\t\t\t\t\t\t\t<\/div>\n\t\t<\/div>\n\t<\/div>\n<\/div>\n\t\t<\/div>\n\t\t\t\t<\/div>\n\t\t\t\t\t<\/div>\n\t\t\t\t<\/div>\n\t\t\t\t<\/div>\n\t\t<div style=\"display:flex; gap:10px;justify-content:center\" class=\"wps-pgfw-pdf-generate-icon__wrapper-frontend\">\n\t\t<a  href=\"https:\/\/familletenetemadje.org?action=genpdf&amp;id=456\" class=\"pgfw-single-pdf-download-button\" ><img src=\"https:\/\/familletenetemadje.org\/wp-content\/plugins\/pdf-generator-for-wp\/admin\/src\/images\/PDF_Tray.svg\" title=\"G\u00e9n\u00e9rer un PDF\" style=\"width:auto; height:45px;\"><\/a>\n\t\t<\/div>","protected":false},"excerpt":{"rendered":"<p>Liste des cours Newest Note globale Most Viewed Filtres Cat\u00e9gorie : D\u00e9veloppement personnel Niveau D\u00e9butant Interm\u00e9diaire Avanc\u00e9 Classement 4,5 et plus 4,0 et plus 3,5 et plus 3,0 et plus Reset All D\u00e9veloppement personnel Attendez vous \u00e0 un miracle 0 1 0.0 Gratuit famille Attendez vous \u00e0 un miracle No Level 0 Conf\u00e9rences 0 Heures [&hellip;]<\/p>\n","protected":false},"author":1,"featured_media":273,"parent":0,"menu_order":0,"comment_status":"closed","ping_status":"closed","template":"","meta":{"give_campaign_id":0,"_bbp_topic_count":0,"_bbp_reply_count":0,"_bbp_total_topic_count":0,"_bbp_total_reply_count":0,"_bbp_voice_count":0,"_bbp_anonymous_reply_count":0,"_bbp_topic_count_hidden":0,"_bbp_reply_count_hidden":0,"_bbp_forum_subforum_count":0,"footnotes":""},"class_list":["post-456","page","type-page","status-publish","has-post-thumbnail","hentry"],"campaignId":"","_links":{"self":[{"href":"https:\/\/familletenetemadje.org\/index.php?rest_route=\/wp\/v2\/pages\/456","targetHints":{"allow":["GET"]}}],"collection":[{"href":"https:\/\/familletenetemadje.org\/index.php?rest_route=\/wp\/v2\/pages"}],"about":[{"href":"https:\/\/familletenetemadje.org\/index.php?rest_route=\/wp\/v2\/types\/page"}],"author":[{"embeddable":true,"href":"https:\/\/familletenetemadje.org\/index.php?rest_route=\/wp\/v2\/users\/1"}],"replies":[{"embeddable":true,"href":"https:\/\/familletenetemadje.org\/index.php?rest_route=%2Fwp%2Fv2%2Fcomments&post=456"}],"version-history":[{"count":7,"href":"https:\/\/familletenetemadje.org\/index.php?rest_route=\/wp\/v2\/pages\/456\/revisions"}],"predecessor-version":[{"id":465,"href":"https:\/\/familletenetemadje.org\/index.php?rest_route=\/wp\/v2\/pages\/456\/revisions\/465"}],"wp:featuredmedia":[{"embeddable":true,"href":"https:\/\/familletenetemadje.org\/index.php?rest_route=\/wp\/v2\/media\/273"}],"wp:attachment":[{"href":"https:\/\/familletenetemadje.org\/index.php?rest_route=%2Fwp%2Fv2%2Fmedia&parent=456"}],"curies":[{"name":"wp","href":"https:\/\/api.w.org\/{rel}","templated":true}]}}