{"id":33,"date":"2023-03-06T23:17:49","date_gmt":"2023-03-06T22:17:49","guid":{"rendered":"https:\/\/familletenetemadje.org\/?page_id=33"},"modified":"2023-05-16T00:53:44","modified_gmt":"2023-05-15T22:53:44","slug":"creez-votre-site-avec-des-blocs","status":"publish","type":"page","link":"https:\/\/familletenetemadje.org\/","title":{"rendered":"Accueil"},"content":{"rendered":"\t\t<div data-elementor-type=\"wp-page\" data-elementor-id=\"33\" class=\"elementor elementor-33\">\n\t\t\t\t\t\t<section class=\"elementor-section elementor-top-section elementor-element elementor-element-3957bd5b elementor-section-boxed elementor-section-height-default elementor-section-height-default\" data-id=\"3957bd5b\" data-element_type=\"section\">\n\t\t\t\t\t\t<div class=\"elementor-container elementor-column-gap-default\">\n\t\t\t\t\t<div class=\"elementor-column elementor-col-100 elementor-top-column elementor-element elementor-element-69145e2\" data-id=\"69145e2\" data-element_type=\"column\">\n\t\t\t<div class=\"elementor-widget-wrap elementor-element-populated\">\n\t\t\t\t\t\t<div class=\"elementor-element elementor-element-2517e51e elementor-widget elementor-widget-text-editor\" data-id=\"2517e51e\" data-element_type=\"widget\" data-widget_type=\"text-editor.default\">\n\t\t\t\t<div class=\"elementor-widget-container\">\n\t\t\t<style>\/*! elementor - v3.21.0 - 08-05-2024 *\/\n.elementor-widget-text-editor.elementor-drop-cap-view-stacked .elementor-drop-cap{background-color:#69727d;color:#fff}.elementor-widget-text-editor.elementor-drop-cap-view-framed .elementor-drop-cap{color:#69727d;border:3px solid;background-color:transparent}.elementor-widget-text-editor:not(.elementor-drop-cap-view-default) .elementor-drop-cap{margin-top:8px}.elementor-widget-text-editor:not(.elementor-drop-cap-view-default) .elementor-drop-cap-letter{width:1em;height:1em}.elementor-widget-text-editor .elementor-drop-cap{float:left;text-align:center;line-height:1;font-size:50px}.elementor-widget-text-editor .elementor-drop-cap-letter{display:inline-block}<\/style>\t\t\t\t<p><!-- wp:heading {\"align\":\"wide\",\"style\":{\"typography\":{\"lineHeight\":\"1.1\"}},\"className\":\"has-text-align-wide\",\"fontSize\":\"gigantic\"} --><\/p>\n<h2 class=\"alignwide has-text-align-wide has-gigantic-font-size\" style=\"line-height: 1.1;\">Projet &#8220;Bien-\u00catre&#8221; de la Famille TENE TEMADJE<\/h2>\n<p><!-- \/wp:heading --><\/p>\n<p><!-- wp:paragraph --><\/p>\n<p>Le projet &#8220;Bien-\u00catre&#8221; de la Famille TENE TEMAJE a pour objectif d&#8217;am\u00e9liorer consid\u00e9rablement le bien-\u00eatre de tous les membres de la Famille TENE TEMADJE<\/p>\n<p><!-- \/wp:paragraph --><\/p>\n<p><!-- wp:spacer --><\/p>\n<div class=\"wp-block-spacer\" style=\"height: 100px;\" aria-hidden=\"true\">\u00a0<\/div>\n<p><!-- \/wp:spacer --><\/p>\n<p><!-- wp:columns {\"verticalAlignment\":\"center\",\"align\":\"wide\",\"className\":\"is-style-twentytwentyone-columns-overlap\"} --><\/p>\n<div class=\"wp-block-columns alignwide are-vertically-aligned-center is-style-twentytwentyone-columns-overlap\">\n<p><!-- wp:column {\"verticalAlignment\":\"center\"} --><\/p>\n<div class=\"wp-block-column is-vertically-aligned-center\">\n<p><!-- wp:image {\"align\":\"full\",\"id\":238,\"sizeSlug\":\"full\",\"linkDestination\":\"none\"} --><\/p>\n<figure class=\"wp-block-image alignfull size-full\"><img fetchpriority=\"high\" decoding=\"async\" width=\"1024\" height=\"768\" class=\"wp-image-238\" src=\"http:\/\/familletenetemadje.org\/wp-content\/uploads\/2023\/03\/FamilleT.jpeg\" alt=\"\" srcset=\"https:\/\/familletenetemadje.org\/wp-content\/uploads\/2023\/03\/FamilleT.jpeg 1024w, https:\/\/familletenetemadje.org\/wp-content\/uploads\/2023\/03\/FamilleT-300x225.jpeg 300w, https:\/\/familletenetemadje.org\/wp-content\/uploads\/2023\/03\/FamilleT-768x576.jpeg 768w\" sizes=\"(max-width: 1024px) 100vw, 1024px\" \/><\/figure>\n<p><!-- \/wp:image --><\/p>\n<p><!-- wp:spacer --><\/p>\n<div class=\"wp-block-spacer\" style=\"height: 100px;\" aria-hidden=\"true\">\u00a0<\/div>\n<p><!-- \/wp:spacer --><\/p>\n<p><!-- wp:image {\"align\":\"full\",\"sizeSlug\":\"large\",\"className\":\"is-style-twentytwentyone-image-frame\"} --><\/p>\n<figure class=\"wp-block-image alignfull size-large is-style-twentytwentyone-image-frame\"><img decoding=\"async\" src=\"https:\/\/familletenetemadje.org\/wp-content\/themes\/twentytwentyone\/assets\/images\/in-the-bois-de-boulogne.jpg\" alt=\"\u00ab\u00a0Dans le bois de Boulogne\u00a0\u00bb par Berthe Morisot\" \/><\/figure>\n<p><!-- \/wp:image --><\/p>\n<\/div>\n<p><!-- \/wp:column --><\/p>\n<p><!-- wp:column {\"verticalAlignment\":\"center\"} --><\/p>\n<div class=\"wp-block-column is-vertically-aligned-center\">\n<p><!-- wp:spacer --><\/p>\n<div class=\"wp-block-spacer\" style=\"height: 100px;\" aria-hidden=\"true\">\u00a0<\/div>\n<p><!-- \/wp:spacer --><\/p>\n<p><!-- wp:image {\"id\":237,\"sizeSlug\":\"large\",\"linkDestination\":\"none\",\"className\":\"alignfull size-full is-style-twentytwentyone-border\"} --><\/p>\n<figure class=\"wp-block-image size-large alignfull size-full is-style-twentytwentyone-border\"><img decoding=\"async\" width=\"1024\" height=\"683\" class=\"wp-image-237\" src=\"http:\/\/familletenetemadje.org\/wp-content\/uploads\/2023\/03\/P-IMG-20230312-WA0045-1024x683.jpg\" alt=\"\" srcset=\"https:\/\/familletenetemadje.org\/wp-content\/uploads\/2023\/03\/P-IMG-20230312-WA0045-1024x683.jpg 1024w, https:\/\/familletenetemadje.org\/wp-content\/uploads\/2023\/03\/P-IMG-20230312-WA0045-300x200.jpg 300w, https:\/\/familletenetemadje.org\/wp-content\/uploads\/2023\/03\/P-IMG-20230312-WA0045-768x512.jpg 768w, https:\/\/familletenetemadje.org\/wp-content\/uploads\/2023\/03\/P-IMG-20230312-WA0045-1536x1024.jpg 1536w, https:\/\/familletenetemadje.org\/wp-content\/uploads\/2023\/03\/P-IMG-20230312-WA0045.jpg 1920w\" sizes=\"(max-width: 1024px) 100vw, 1024px\" \/><\/figure>\n<p><!-- \/wp:image --><\/p>\n<\/div>\n<p><!-- \/wp:column --><\/p>\n<\/div>\n<p><!-- \/wp:columns --><\/p>\n<p><!-- wp:spacer {\"height\":\"50px\"} --><\/p>\n<div class=\"wp-block-spacer\" style=\"height: 50px;\" aria-hidden=\"true\">\u00a0<\/div>\n<p><!-- \/wp:spacer --><\/p>\n<p><!-- wp:columns {\"verticalAlignment\":\"top\",\"align\":\"wide\"} --><\/p>\n<div class=\"wp-block-columns alignwide are-vertically-aligned-top\">\n<p><!-- wp:column {\"verticalAlignment\":\"top\"} --><\/p>\n<div class=\"wp-block-column is-vertically-aligned-top\">\n<p><!-- wp:heading {\"level\":3} --><\/p>\n<h3>Ajouter des compositions de blocs<\/h3>\n<p><!-- \/wp:heading --><\/p>\n<p><!-- wp:paragraph --><\/p>\n<p>Les compositions de blocs sont des groupes de blocs pr\u00e9-con\u00e7us. Pour en ajouter un, s\u00e9lectionnez le bouton Ajouter un bloc [+] dans la barre d\u2019outils en haut de l\u2019\u00e9diteur. Passez \u00e0 l\u2019onglet Compositions sous la barre de recherche, et choisissez une composition.<\/p>\n<p><!-- \/wp:paragraph --><\/p>\n<\/div>\n<p><!-- \/wp:column --><\/p>\n<p><!-- wp:column {\"verticalAlignment\":\"top\"} --><\/p>\n<div class=\"wp-block-column is-vertically-aligned-top\">\n<p><!-- wp:heading {\"level\":3} --><\/p>\n<h3>Encadrez vos images<\/h3>\n<p><!-- \/wp:heading --><\/p>\n<p><!-- wp:paragraph --><\/p>\n<p>Twenty Twenty-One inclut de sublimes bordures pour votre contenu. Avec un bloc d\u2019image s\u00e9lectionn\u00e9, ouvrez le panneau \u00ab\u00a0Styles\u00a0\u00bb dans la barre lat\u00e9rale de l\u2019\u00e9diteur. S\u00e9lectionnez le style de bloc \u00ab\u00a0Cadre\u00a0\u00bb pour l\u2019activer.<\/p>\n<p><!-- \/wp:paragraph --><\/p>\n<\/div>\n<p><!-- \/wp:column --><\/p>\n<p><!-- wp:column {\"verticalAlignment\":\"top\"} --><\/p>\n<div class=\"wp-block-column is-vertically-aligned-top\">\n<p><!-- wp:heading {\"level\":3} --><\/p>\n<h3>Colonnes se chevauchant<\/h3>\n<p><!-- \/wp:heading --><\/p>\n<p><!-- wp:paragraph --><\/p>\n<p>Twenty Twenty-One inclut \u00e9galement un style \u00ab\u00a0chevauchement\u00a0\u00bb pour le bloc colonnes. S\u00e9lectionnez un bloc colonnes puis ouvrez le panneau \u00ab\u00a0styles\u00a0\u00bb dans la barre lat\u00e9rale de l\u2019\u00e9diteur. S\u00e9lectionnez le style de bloc \u00ab\u00a0chevauchement\u00a0\u00bb pour l\u2019essayer.<\/p>\n<\/div>\n<\/div>\n<p><!-- \/wp:cover --><\/p>\t\t\t\t\t\t<\/div>\n\t\t\t\t<\/div>\n\t\t\t\t\t<\/div>\n\t\t<\/div>\n\t\t\t\t\t<\/div>\n\t\t<\/section>\n\t\t\t\t<\/div>\n\t\t<div style=\"display:flex; gap:10px;justify-content:center\" class=\"wps-pgfw-pdf-generate-icon__wrapper-frontend\">\n\t\t<a  href=\"https:\/\/familletenetemadje.org?action=genpdf&amp;id=33\" class=\"pgfw-single-pdf-download-button\" ><img src=\"https:\/\/familletenetemadje.org\/wp-content\/plugins\/pdf-generator-for-wp\/admin\/src\/images\/PDF_Tray.svg\" title=\"G\u00e9n\u00e9rer un PDF\" style=\"width:auto; height:45px;\"><\/a>\n\t\t<\/div>","protected":false},"excerpt":{"rendered":"<p>Projet &#8220;Bien-\u00catre&#8221; de la Famille TENE TEMADJE Le projet &#8220;Bien-\u00catre&#8221; de la Famille TENE TEMAJE a pour objectif d&#8217;am\u00e9liorer consid\u00e9rablement le bien-\u00eatre de tous les membres de la Famille TENE TEMADJE Colonnes se chevauchant Twenty Twenty-One inclut \u00e9galement un style \u00ab\u00a0chevauchement\u00a0\u00bb pour le bloc colonnes. S\u00e9lectionnez un bloc colonnes puis ouvrez le panneau \u00ab\u00a0styles\u00a0\u00bb dans [&hellip;]<\/p>\n","protected":false},"author":1,"featured_media":0,"parent":0,"menu_order":0,"comment_status":"closed","ping_status":"closed","template":"","meta":{"give_campaign_id":0,"_bbp_topic_count":0,"_bbp_reply_count":0,"_bbp_total_topic_count":0,"_bbp_total_reply_count":0,"_bbp_voice_count":0,"_bbp_anonymous_reply_count":0,"_bbp_topic_count_hidden":0,"_bbp_reply_count_hidden":0,"_bbp_forum_subforum_count":0,"footnotes":""},"class_list":["post-33","page","type-page","status-publish","hentry"],"campaignId":"","_links":{"self":[{"href":"https:\/\/familletenetemadje.org\/index.php?rest_route=\/wp\/v2\/pages\/33","targetHints":{"allow":["GET"]}}],"collection":[{"href":"https:\/\/familletenetemadje.org\/index.php?rest_route=\/wp\/v2\/pages"}],"about":[{"href":"https:\/\/familletenetemadje.org\/index.php?rest_route=\/wp\/v2\/types\/page"}],"author":[{"embeddable":true,"href":"https:\/\/familletenetemadje.org\/index.php?rest_route=\/wp\/v2\/users\/1"}],"replies":[{"embeddable":true,"href":"https:\/\/familletenetemadje.org\/index.php?rest_route=%2Fwp%2Fv2%2Fcomments&post=33"}],"version-history":[{"count":11,"href":"https:\/\/familletenetemadje.org\/index.php?rest_route=\/wp\/v2\/pages\/33\/revisions"}],"predecessor-version":[{"id":363,"href":"https:\/\/familletenetemadje.org\/index.php?rest_route=\/wp\/v2\/pages\/33\/revisions\/363"}],"wp:attachment":[{"href":"https:\/\/familletenetemadje.org\/index.php?rest_route=%2Fwp%2Fv2%2Fmedia&parent=33"}],"curies":[{"name":"wp","href":"https:\/\/api.w.org\/{rel}","templated":true}]}}